{"id":270,"date":"2020-01-27T11:35:00","date_gmt":"2020-01-27T10:35:00","guid":{"rendered":"https:\/\/www.thera-coaching.at\/informazioni-legali\/"},"modified":"2020-01-27T11:35:03","modified_gmt":"2020-01-27T10:35:03","slug":"informazioni-legali","status":"publish","type":"page","link":"https:\/\/www.thera-coaching.at\/it\/informazioni-legali\/","title":{"rendered":"Informazioni legali"},"content":{"rendered":"\n<p>Responsabile per il contenuto:<\/p>\n\n<p>Mag.a Gabriele Sabine J\u00e4ger<br\/>Raum im Zentrum<br\/>Meinhardstra\u00dfe 5 \u2013 4. Stock<br\/>6020 Innsbruck<\/p>\n\n<p>Telefon: +43 (0)660 1336868&#13;\nE-Mail: Questo indirizzo e<span class=\"email\">-mail \u00e9 protetto da spambots! Per la visualizzazione JavaScript deve essere acceso!<\/span><\/p>\n\n<h2 class=\"wp-block-heading\">Disclaimer<\/h2>\n\n<p><strong>Esclusione di responsabilit\u00e1<\/strong>&#13;\n&#13;\nIl contenuto di questa pagina \u00e9 stato redatto con diligenza e cura, ma non ci si assume alcuna responsabilit\u00e1 per la correttezza dein contentui.<\/p>\n\n<p><strong>Diritti d\u00b4autore<\/strong>&#13;\n&#13;\nIl contento di questa pagina web (testo, immagini, design, ecc.) \u00e9 sottoposto, se non dichiarato diversament, al mio copyright d del diritto d\u00b4autore.<\/p>\n\n<h2 class=\"wp-block-heading\">fonti<\/h2>\n\n<p><strong>Fotografie<\/strong>&#13;\n&#13;\nprivati, tutti i diritti riservati<\/p>\n\n<p>eccetto le immagini seguenti, che si trovano sotto la licenza di <a href=\"https:\/\/www.shutterstock.com\" target=\"_blank\" rel=\"noreferrer noopener\" aria-label=\"Shutterstock.com (&#xF6;ffnet in neuem Tab)\">Shutterstock.com<\/a>\u00a0.&#13;\n&#13;\n\u00a0&#13;\n&#13;\n\u00a0&#13;\n&#13;\n\u00a0<\/p>\n\n<ul class=\"wp-block-list\"><li><p style=\"text-align: left;\"><a href=\"https:\/\/www.shutterstock.com\/image-photo\/three-couples-legs-7943521\" target=\"_blank\" rel=\"noreferrer noopener\" aria-label=\"three couples of legs. by Serg Ivanov. (&#xF6;ffnet in neuem Tab)\">three couples of legs. by Serg Ivanov. <\/a><\/p><\/li><\/ul>\n<p><strong>This website is powered by<\/strong>&#13;\n<a href=\"https:\/\/wordpress.org\/\" target=\"_blank\" rel=\"noreferrer noopener\">WordPress<\/a>&#13;\nKalon theme by: <a href=\"https:\/\/raratheme.com\/\" target=\"_blank\" rel=\"noreferrer noopener\">Rara Theme<\/a><\/p>\n","protected":false},"excerpt":{"rendered":"<p>Responsabile per il contenuto: Mag.a Gabriele Sabine J\u00e4gerRaum im ZentrumMeinhardstra\u00dfe 5 \u2013 4. Stock6020 Innsbruck Telefon: +43 (0)660 1336868&#13; E-Mail: Questo indirizzo e-mail \u00e9 protetto da spambots! Per la visualizzazione JavaScript deve essere acceso! Disclaimer Esclusione di responsabilit\u00e1&#13; &#13; Il contenuto di questa pagina \u00e9 stato redatto con diligenza e cura, ma non ci si [&hellip;]<\/p>\n","protected":false},"author":1,"featured_media":0,"parent":0,"menu_order":0,"comment_status":"closed","ping_status":"closed","template":"templates\/fullwidth.php","meta":{"footnotes":""},"class_list":["post-270","page","type-page","status-publish","hentry","page-entry","loop-entry","clr"],"yoast_head":"<!-- This site is optimized with the Yoast SEO plugin v27.1.1 - https:\/\/yoast.com\/product\/yoast-seo-wordpress\/ -->\n<title>Informazioni legali - TheraCoaching Sabine J\u00e4ger<\/title>\n<meta name=\"robots\" content=\"index, follow, max-snippet:-1, max-image-preview:large, max-video-preview:-1\" \/>\n<link rel=\"canonical\" href=\"https:\/\/www.thera-coaching.at\/it\/informazioni-legali\/\" \/>\n<meta property=\"og:locale\" content=\"it_IT\" \/>\n<meta property=\"og:type\" content=\"article\" \/>\n<meta property=\"og:title\" content=\"Informazioni legali - TheraCoaching Sabine J\u00e4ger\" \/>\n<meta property=\"og:description\" content=\"Responsabile per il contenuto: Mag.a Gabriele Sabine J\u00e4gerRaum im ZentrumMeinhardstra\u00dfe 5 \u2013 4. Stock6020 Innsbruck Telefon: +43 (0)660 1336868&#013; E-Mail: Questo indirizzo e-mail \u00e9 protetto da spambots! Per la visualizzazione JavaScript deve essere acceso! Disclaimer Esclusione di responsabilit\u00e1&#013; &#013; Il contenuto di questa pagina \u00e9 stato redatto con diligenza e cura, ma non ci si [&hellip;]\" \/>\n<meta property=\"og:url\" content=\"https:\/\/www.thera-coaching.at\/it\/informazioni-legali\/\" \/>\n<meta property=\"og:site_name\" content=\"TheraCoaching Sabine J\u00e4ger\" \/>\n<meta property=\"article:modified_time\" content=\"2020-01-27T10:35:03+00:00\" \/>\n<meta name=\"twitter:card\" content=\"summary_large_image\" \/>\n<meta name=\"twitter:label1\" content=\"Tempo di lettura stimato\" \/>\n\t<meta name=\"twitter:data1\" content=\"1 minuto\" \/>\n<script type=\"application\/ld+json\" class=\"yoast-schema-graph\">{\"@context\":\"https:\/\/schema.org\",\"@graph\":[{\"@type\":\"WebPage\",\"@id\":\"https:\/\/www.thera-coaching.at\/it\/informazioni-legali\/\",\"url\":\"https:\/\/www.thera-coaching.at\/it\/informazioni-legali\/\",\"name\":\"Informazioni legali - TheraCoaching Sabine J\u00e4ger\",\"isPartOf\":{\"@id\":\"https:\/\/www.thera-coaching.at\/it\/#website\"},\"datePublished\":\"2020-01-27T10:35:00+00:00\",\"dateModified\":\"2020-01-27T10:35:03+00:00\",\"breadcrumb\":{\"@id\":\"https:\/\/www.thera-coaching.at\/it\/informazioni-legali\/#breadcrumb\"},\"inLanguage\":\"it-IT\",\"potentialAction\":[{\"@type\":\"ReadAction\",\"target\":[\"https:\/\/www.thera-coaching.at\/it\/informazioni-legali\/\"]}]},{\"@type\":\"BreadcrumbList\",\"@id\":\"https:\/\/www.thera-coaching.at\/it\/informazioni-legali\/#breadcrumb\",\"itemListElement\":[{\"@type\":\"ListItem\",\"position\":1,\"name\":\"Home\",\"item\":\"https:\/\/www.thera-coaching.at\/it\/\"},{\"@type\":\"ListItem\",\"position\":2,\"name\":\"Informazioni legali\"}]},{\"@type\":\"WebSite\",\"@id\":\"https:\/\/www.thera-coaching.at\/it\/#website\",\"url\":\"https:\/\/www.thera-coaching.at\/it\/\",\"name\":\"TheraCoaching Sabine J\u00e4ger\",\"description\":\"\",\"potentialAction\":[{\"@type\":\"SearchAction\",\"target\":{\"@type\":\"EntryPoint\",\"urlTemplate\":\"https:\/\/www.thera-coaching.at\/it\/?s={search_term_string}\"},\"query-input\":{\"@type\":\"PropertyValueSpecification\",\"valueRequired\":true,\"valueName\":\"search_term_string\"}}],\"inLanguage\":\"it-IT\"}]}<\/script>\n<!-- \/ Yoast SEO plugin. -->","yoast_head_json":{"title":"Informazioni legali - TheraCoaching Sabine J\u00e4ger","robots":{"index":"index","follow":"follow","max-snippet":"max-snippet:-1","max-image-preview":"max-image-preview:large","max-video-preview":"max-video-preview:-1"},"canonical":"https:\/\/www.thera-coaching.at\/it\/informazioni-legali\/","og_locale":"it_IT","og_type":"article","og_title":"Informazioni legali - TheraCoaching Sabine J\u00e4ger","og_description":"Responsabile per il contenuto: Mag.a Gabriele Sabine J\u00e4gerRaum im ZentrumMeinhardstra\u00dfe 5 \u2013 4. Stock6020 Innsbruck Telefon: +43 (0)660 1336868&#13; E-Mail: Questo indirizzo e-mail \u00e9 protetto da spambots! Per la visualizzazione JavaScript deve essere acceso! Disclaimer Esclusione di responsabilit\u00e1&#13; &#13; Il contenuto di questa pagina \u00e9 stato redatto con diligenza e cura, ma non ci si [&hellip;]","og_url":"https:\/\/www.thera-coaching.at\/it\/informazioni-legali\/","og_site_name":"TheraCoaching Sabine J\u00e4ger","article_modified_time":"2020-01-27T10:35:03+00:00","twitter_card":"summary_large_image","twitter_misc":{"Tempo di lettura stimato":"1 minuto"},"schema":{"@context":"https:\/\/schema.org","@graph":[{"@type":"WebPage","@id":"https:\/\/www.thera-coaching.at\/it\/informazioni-legali\/","url":"https:\/\/www.thera-coaching.at\/it\/informazioni-legali\/","name":"Informazioni legali - TheraCoaching Sabine J\u00e4ger","isPartOf":{"@id":"https:\/\/www.thera-coaching.at\/it\/#website"},"datePublished":"2020-01-27T10:35:00+00:00","dateModified":"2020-01-27T10:35:03+00:00","breadcrumb":{"@id":"https:\/\/www.thera-coaching.at\/it\/informazioni-legali\/#breadcrumb"},"inLanguage":"it-IT","potentialAction":[{"@type":"ReadAction","target":["https:\/\/www.thera-coaching.at\/it\/informazioni-legali\/"]}]},{"@type":"BreadcrumbList","@id":"https:\/\/www.thera-coaching.at\/it\/informazioni-legali\/#breadcrumb","itemListElement":[{"@type":"ListItem","position":1,"name":"Home","item":"https:\/\/www.thera-coaching.at\/it\/"},{"@type":"ListItem","position":2,"name":"Informazioni legali"}]},{"@type":"WebSite","@id":"https:\/\/www.thera-coaching.at\/it\/#website","url":"https:\/\/www.thera-coaching.at\/it\/","name":"TheraCoaching Sabine J\u00e4ger","description":"","potentialAction":[{"@type":"SearchAction","target":{"@type":"EntryPoint","urlTemplate":"https:\/\/www.thera-coaching.at\/it\/?s={search_term_string}"},"query-input":{"@type":"PropertyValueSpecification","valueRequired":true,"valueName":"search_term_string"}}],"inLanguage":"it-IT"}]}},"_links":{"self":[{"href":"https:\/\/www.thera-coaching.at\/it\/wp-json\/wp\/v2\/pages\/270","targetHints":{"allow":["GET"]}}],"collection":[{"href":"https:\/\/www.thera-coaching.at\/it\/wp-json\/wp\/v2\/pages"}],"about":[{"href":"https:\/\/www.thera-coaching.at\/it\/wp-json\/wp\/v2\/types\/page"}],"author":[{"embeddable":true,"href":"https:\/\/www.thera-coaching.at\/it\/wp-json\/wp\/v2\/users\/1"}],"replies":[{"embeddable":true,"href":"https:\/\/www.thera-coaching.at\/it\/wp-json\/wp\/v2\/comments?post=270"}],"version-history":[{"count":1,"href":"https:\/\/www.thera-coaching.at\/it\/wp-json\/wp\/v2\/pages\/270\/revisions"}],"predecessor-version":[{"id":271,"href":"https:\/\/www.thera-coaching.at\/it\/wp-json\/wp\/v2\/pages\/270\/revisions\/271"}],"wp:attachment":[{"href":"https:\/\/www.thera-coaching.at\/it\/wp-json\/wp\/v2\/media?parent=270"}],"curies":[{"name":"wp","href":"https:\/\/api.w.org\/{rel}","templated":true}]}}