{"id":288,"date":"2020-02-24T11:22:35","date_gmt":"2020-02-24T10:22:35","guid":{"rendered":"https:\/\/www.thera-coaching.at\/coaching-terapeutico\/"},"modified":"2020-02-24T11:22:50","modified_gmt":"2020-02-24T10:22:50","slug":"coaching-terapeutico","status":"publish","type":"page","link":"https:\/\/www.thera-coaching.at\/it\/coaching-terapeutico\/","title":{"rendered":"Coaching terapeutico"},"content":{"rendered":"\n<p><p>Come psicologa clinica posso sostenere un processo terapeutico con i seguenti <strong>sintomi:<\/strong><\/p><\/p>\n\n<ul class=\"wp-block-list\"><li>Ersch\u00f6pfung\n\t<\/li><li>\u00dcberlastung\n\t<\/li><li>Gleichg\u00fcltigkeit\n\t<\/li><li>Unsicherheit\n\t<\/li><li>Angstzust\u00e4nde\n\t<\/li><li>Gereiztheit\n\t<\/li><li>Schlafst\u00f6rungen\n<\/li><\/ul>\n<p>Si tratti di riconoscere strategie inproduttive ed cambiarli o sostituirli<\/p>\n\n<p>Nel processo terapeutico si apprendono a scoprire nuove risorse e a sviluppare nuove strategie di coping e a usarle.<\/p>\n\n<h3 class=\"wp-block-heading\">Il mio laovor si concentra:<\/h3>\n\n<ul class=\"wp-block-list\"><li>Work-Life-Balance\n\t<\/li><li>Konfliktkl\u00e4rung, Grenzen setzen\n\t<\/li><li>Stress-Management und Burnout-Vorsorge\n\t<\/li><li>Burnout-Therapie\n\t<\/li><li>Selbstmanagement und Ver\u00e4nderungsprozesse\n\t<\/li><li>Psychische Wellness\n\t<\/li><li>Selbstsicherheit und Selbstbewusstsein\n\t<\/li><li>Erziehungsberatung\n<\/li><\/ul>\n<h3 class=\"wp-block-heading\">Se le segeunti domande la preoccupano:<\/h3>\n\n<ul class=\"wp-block-list\"><li>Wie ist Ihr Verh\u00e4ltnis zwischen Anspannung und Entspannung? \n\t<\/li><li>Stellen Sie hohe Erwartungen an sich selbst? \n\t<\/li><li>Wie schlafen Sie und wie ausgeruht sind Sie morgens? \n\t<\/li><li>Wie viel Zeit nehmen Sie sich f\u00fcr das, was Ihnen wichtig ist?\n<\/li><\/ul><div class=\"contact-box clear\"><h3>Sono lieta di rispondere alla Sua richiesta!<\/h3><p>Sono raggiungibile al numero <a class=\"inline-link\" href=\"tel:+436601336868\" data-mce-href=\"tel:+436601336868\"><i class=\"fa fa-phone\"><\/i> +43 660 133 68 68<\/a> Oppure pu\u00f2 scrivermi una e-mail <span class=\"inline-link email-icon\">Diese E-Mail-Adresse ist vor Spambots gesch\u00fctzt! Zur Anzeige muss JavaScript eingeschaltet sein!<\/span>,<br>per concordare un primo colloquio.<\/p><div><a class=\"btn-contact\" href=\"tel:+436601336868\" data-mce-href=\"tel:+436601336868\"><i class=\"fa fa-phone\"><\/i>Chiamare adesso!<\/a><\/div><\/div><a href=\"https:\/\/www.thera-coaching.at\/it\/su-di-me\/\">curriculum vitae\u00a0\u00a0<i class=\"fa fa-lg fa-external-link-square\"><\/i><\/a>\u00a0\u00a0\u00a0\u00a0 <a style=\"white-space: nowrap;\" href=\"https:\/\/www.thera-coaching.at\/it\/?page_id=173\">informazioni pratiche\u00a0\u00a0<i class=\"fa fa-lg fa-external-link-square\"><\/i><\/a>","protected":false},"excerpt":{"rendered":"<p>Come psicologa clinica posso sostenere un processo terapeutico con i seguenti sintomi: Ersch\u00f6pfung \u00dcberlastung Gleichg\u00fcltigkeit Unsicherheit Angstzust\u00e4nde Gereiztheit Schlafst\u00f6rungen Si tratti di riconoscere strategie inproduttive ed cambiarli o sostituirli Nel processo terapeutico si apprendono a scoprire nuove risorse e a sviluppare nuove strategie di coping e a usarle. Il mio laovor si concentra: Work-Life-Balance Konfliktkl\u00e4rung, [&hellip;]<\/p>\n","protected":false},"author":1,"featured_media":187,"parent":0,"menu_order":0,"comment_status":"closed","ping_status":"closed","template":"templates\/fullwidth.php","meta":{"footnotes":""},"class_list":["post-288","page","type-page","status-publish","has-post-thumbnail","hentry","page-entry","loop-entry","clr"],"yoast_head":"<!-- This site is optimized with the Yoast SEO plugin v27.1.1 - https:\/\/yoast.com\/product\/yoast-seo-wordpress\/ -->\n<title>Coaching terapeutico - TheraCoaching Sabine J\u00e4ger<\/title>\n<meta name=\"description\" content=\"Nel Coaching - Terapeutico problemi di natura personale trovano uno spazio di riflessione e trattamento. L\u00b4obiettivo della consulenza professionale \u00e9 mettere in moto processi di cambiamento che portano alla soluzione del problema.\" \/>\n<meta name=\"robots\" content=\"index, follow, max-snippet:-1, max-image-preview:large, max-video-preview:-1\" \/>\n<link rel=\"canonical\" href=\"https:\/\/www.thera-coaching.at\/it\/coaching-terapeutico\/\" \/>\n<meta property=\"og:locale\" content=\"it_IT\" \/>\n<meta property=\"og:type\" content=\"article\" \/>\n<meta property=\"og:title\" content=\"Coaching terapeutico - TheraCoaching Sabine J\u00e4ger\" \/>\n<meta property=\"og:description\" content=\"Nel Coaching - Terapeutico problemi di natura personale trovano uno spazio di riflessione e trattamento. L\u00b4obiettivo della consulenza professionale \u00e9 mettere in moto processi di cambiamento che portano alla soluzione del problema.\" \/>\n<meta property=\"og:url\" content=\"https:\/\/www.thera-coaching.at\/it\/coaching-terapeutico\/\" \/>\n<meta property=\"og:site_name\" content=\"TheraCoaching Sabine J\u00e4ger\" \/>\n<meta property=\"article:modified_time\" content=\"2020-02-24T10:22:50+00:00\" \/>\n<meta property=\"og:image\" content=\"https:\/\/www.thera-coaching.at\/wp-content\/uploads\/wal1920.jpg\" \/>\n\t<meta property=\"og:image:width\" content=\"1920\" \/>\n\t<meta property=\"og:image:height\" content=\"1080\" \/>\n\t<meta property=\"og:image:type\" content=\"image\/jpeg\" \/>\n<meta name=\"twitter:card\" content=\"summary_large_image\" \/>\n<meta name=\"twitter:label1\" content=\"Tempo di lettura stimato\" \/>\n\t<meta name=\"twitter:data1\" content=\"1 minuto\" \/>\n<script type=\"application\/ld+json\" class=\"yoast-schema-graph\">{\"@context\":\"https:\/\/schema.org\",\"@graph\":[{\"@type\":\"WebPage\",\"@id\":\"https:\/\/www.thera-coaching.at\/it\/coaching-terapeutico\/\",\"url\":\"https:\/\/www.thera-coaching.at\/it\/coaching-terapeutico\/\",\"name\":\"Coaching terapeutico - TheraCoaching Sabine J\u00e4ger\",\"isPartOf\":{\"@id\":\"https:\/\/www.thera-coaching.at\/it\/#website\"},\"primaryImageOfPage\":{\"@id\":\"https:\/\/www.thera-coaching.at\/it\/coaching-terapeutico\/#primaryimage\"},\"image\":{\"@id\":\"https:\/\/www.thera-coaching.at\/it\/coaching-terapeutico\/#primaryimage\"},\"thumbnailUrl\":\"https:\/\/www.thera-coaching.at\/wp-content\/uploads\/wal1920.jpg\",\"datePublished\":\"2020-02-24T10:22:35+00:00\",\"dateModified\":\"2020-02-24T10:22:50+00:00\",\"description\":\"Nel Coaching - Terapeutico problemi di natura personale trovano uno spazio di riflessione e trattamento. L\u00b4obiettivo della consulenza professionale \u00e9 mettere in moto processi di cambiamento che portano alla soluzione del problema.\",\"breadcrumb\":{\"@id\":\"https:\/\/www.thera-coaching.at\/it\/coaching-terapeutico\/#breadcrumb\"},\"inLanguage\":\"it-IT\",\"potentialAction\":[{\"@type\":\"ReadAction\",\"target\":[\"https:\/\/www.thera-coaching.at\/it\/coaching-terapeutico\/\"]}]},{\"@type\":\"ImageObject\",\"inLanguage\":\"it-IT\",\"@id\":\"https:\/\/www.thera-coaching.at\/it\/coaching-terapeutico\/#primaryimage\",\"url\":\"https:\/\/www.thera-coaching.at\/wp-content\/uploads\/wal1920.jpg\",\"contentUrl\":\"https:\/\/www.thera-coaching.at\/wp-content\/uploads\/wal1920.jpg\",\"width\":1920,\"height\":1080,\"caption\":\"Eine Wiese vor einem See\"},{\"@type\":\"BreadcrumbList\",\"@id\":\"https:\/\/www.thera-coaching.at\/it\/coaching-terapeutico\/#breadcrumb\",\"itemListElement\":[{\"@type\":\"ListItem\",\"position\":1,\"name\":\"Home\",\"item\":\"https:\/\/www.thera-coaching.at\/it\/\"},{\"@type\":\"ListItem\",\"position\":2,\"name\":\"Coaching terapeutico\"}]},{\"@type\":\"WebSite\",\"@id\":\"https:\/\/www.thera-coaching.at\/it\/#website\",\"url\":\"https:\/\/www.thera-coaching.at\/it\/\",\"name\":\"TheraCoaching Sabine J\u00e4ger\",\"description\":\"\",\"potentialAction\":[{\"@type\":\"SearchAction\",\"target\":{\"@type\":\"EntryPoint\",\"urlTemplate\":\"https:\/\/www.thera-coaching.at\/it\/?s={search_term_string}\"},\"query-input\":{\"@type\":\"PropertyValueSpecification\",\"valueRequired\":true,\"valueName\":\"search_term_string\"}}],\"inLanguage\":\"it-IT\"}]}<\/script>\n<!-- \/ Yoast SEO plugin. -->","yoast_head_json":{"title":"Coaching terapeutico - TheraCoaching Sabine J\u00e4ger","description":"Nel Coaching - Terapeutico problemi di natura personale trovano uno spazio di riflessione e trattamento. L\u00b4obiettivo della consulenza professionale \u00e9 mettere in moto processi di cambiamento che portano alla soluzione del problema.","robots":{"index":"index","follow":"follow","max-snippet":"max-snippet:-1","max-image-preview":"max-image-preview:large","max-video-preview":"max-video-preview:-1"},"canonical":"https:\/\/www.thera-coaching.at\/it\/coaching-terapeutico\/","og_locale":"it_IT","og_type":"article","og_title":"Coaching terapeutico - TheraCoaching Sabine J\u00e4ger","og_description":"Nel Coaching - Terapeutico problemi di natura personale trovano uno spazio di riflessione e trattamento. L\u00b4obiettivo della consulenza professionale \u00e9 mettere in moto processi di cambiamento che portano alla soluzione del problema.","og_url":"https:\/\/www.thera-coaching.at\/it\/coaching-terapeutico\/","og_site_name":"TheraCoaching Sabine J\u00e4ger","article_modified_time":"2020-02-24T10:22:50+00:00","og_image":[{"width":1920,"height":1080,"url":"https:\/\/www.thera-coaching.at\/wp-content\/uploads\/wal1920.jpg","type":"image\/jpeg"}],"twitter_card":"summary_large_image","twitter_misc":{"Tempo di lettura stimato":"1 minuto"},"schema":{"@context":"https:\/\/schema.org","@graph":[{"@type":"WebPage","@id":"https:\/\/www.thera-coaching.at\/it\/coaching-terapeutico\/","url":"https:\/\/www.thera-coaching.at\/it\/coaching-terapeutico\/","name":"Coaching terapeutico - TheraCoaching Sabine J\u00e4ger","isPartOf":{"@id":"https:\/\/www.thera-coaching.at\/it\/#website"},"primaryImageOfPage":{"@id":"https:\/\/www.thera-coaching.at\/it\/coaching-terapeutico\/#primaryimage"},"image":{"@id":"https:\/\/www.thera-coaching.at\/it\/coaching-terapeutico\/#primaryimage"},"thumbnailUrl":"https:\/\/www.thera-coaching.at\/wp-content\/uploads\/wal1920.jpg","datePublished":"2020-02-24T10:22:35+00:00","dateModified":"2020-02-24T10:22:50+00:00","description":"Nel Coaching - Terapeutico problemi di natura personale trovano uno spazio di riflessione e trattamento. L\u00b4obiettivo della consulenza professionale \u00e9 mettere in moto processi di cambiamento che portano alla soluzione del problema.","breadcrumb":{"@id":"https:\/\/www.thera-coaching.at\/it\/coaching-terapeutico\/#breadcrumb"},"inLanguage":"it-IT","potentialAction":[{"@type":"ReadAction","target":["https:\/\/www.thera-coaching.at\/it\/coaching-terapeutico\/"]}]},{"@type":"ImageObject","inLanguage":"it-IT","@id":"https:\/\/www.thera-coaching.at\/it\/coaching-terapeutico\/#primaryimage","url":"https:\/\/www.thera-coaching.at\/wp-content\/uploads\/wal1920.jpg","contentUrl":"https:\/\/www.thera-coaching.at\/wp-content\/uploads\/wal1920.jpg","width":1920,"height":1080,"caption":"Eine Wiese vor einem See"},{"@type":"BreadcrumbList","@id":"https:\/\/www.thera-coaching.at\/it\/coaching-terapeutico\/#breadcrumb","itemListElement":[{"@type":"ListItem","position":1,"name":"Home","item":"https:\/\/www.thera-coaching.at\/it\/"},{"@type":"ListItem","position":2,"name":"Coaching terapeutico"}]},{"@type":"WebSite","@id":"https:\/\/www.thera-coaching.at\/it\/#website","url":"https:\/\/www.thera-coaching.at\/it\/","name":"TheraCoaching Sabine J\u00e4ger","description":"","potentialAction":[{"@type":"SearchAction","target":{"@type":"EntryPoint","urlTemplate":"https:\/\/www.thera-coaching.at\/it\/?s={search_term_string}"},"query-input":{"@type":"PropertyValueSpecification","valueRequired":true,"valueName":"search_term_string"}}],"inLanguage":"it-IT"}]}},"_links":{"self":[{"href":"https:\/\/www.thera-coaching.at\/it\/wp-json\/wp\/v2\/pages\/288","targetHints":{"allow":["GET"]}}],"collection":[{"href":"https:\/\/www.thera-coaching.at\/it\/wp-json\/wp\/v2\/pages"}],"about":[{"href":"https:\/\/www.thera-coaching.at\/it\/wp-json\/wp\/v2\/types\/page"}],"author":[{"embeddable":true,"href":"https:\/\/www.thera-coaching.at\/it\/wp-json\/wp\/v2\/users\/1"}],"replies":[{"embeddable":true,"href":"https:\/\/www.thera-coaching.at\/it\/wp-json\/wp\/v2\/comments?post=288"}],"version-history":[{"count":3,"href":"https:\/\/www.thera-coaching.at\/it\/wp-json\/wp\/v2\/pages\/288\/revisions"}],"predecessor-version":[{"id":291,"href":"https:\/\/www.thera-coaching.at\/it\/wp-json\/wp\/v2\/pages\/288\/revisions\/291"}],"wp:featuredmedia":[{"embeddable":true,"href":"https:\/\/www.thera-coaching.at\/it\/wp-json\/wp\/v2\/media\/187"}],"wp:attachment":[{"href":"https:\/\/www.thera-coaching.at\/it\/wp-json\/wp\/v2\/media?parent=288"}],"curies":[{"name":"wp","href":"https:\/\/api.w.org\/{rel}","templated":true}]}}